{"id":363,"date":"2015-04-01T09:59:56","date_gmt":"2015-04-01T09:59:56","guid":{"rendered":"http:\/\/demo.themevan.com\/miao\/?page_id=21"},"modified":"2018-05-24T00:57:37","modified_gmt":"2018-05-23T22:57:37","slug":"kontakt","status":"publish","type":"page","link":"https:\/\/le-monde-manufaktur.de\/wordpress\/kontakt\/","title":{"rendered":"Le Monde Manufaktur"},"content":{"rendered":"<p>Sie k\u00f6nnen uns \u00fcber das Kontaktformular rechts oder per Telefon erreichen. Gesch\u00e4ftszeiten sind sind Mo-Fr 10 bis 18 Uhr, Sa 10-16 Uhr. Vielen Dank.<\/p>\n","protected":false},"excerpt":{"rendered":"<p>Sie k\u00f6nnen uns \u00fcber das Kontaktformular rechts oder per Telefon erreichen. Gesch\u00e4ftszeiten sind sind Mo-Fr 10 bis 18 Uhr, Sa 10-16 Uhr. Vielen Dank.<\/p>\n","protected":false},"author":1,"featured_media":0,"parent":0,"menu_order":0,"comment_status":"closed","ping_status":"closed","template":"contact-template.php","meta":{"footnotes":""},"class_list":["post-363","page","type-page","status-publish","hentry"],"_links":{"self":[{"href":"https:\/\/le-monde-manufaktur.de\/wordpress\/wp-json\/wp\/v2\/pages\/363","targetHints":{"allow":["GET"]}}],"collection":[{"href":"https:\/\/le-monde-manufaktur.de\/wordpress\/wp-json\/wp\/v2\/pages"}],"about":[{"href":"https:\/\/le-monde-manufaktur.de\/wordpress\/wp-json\/wp\/v2\/types\/page"}],"author":[{"embeddable":true,"href":"https:\/\/le-monde-manufaktur.de\/wordpress\/wp-json\/wp\/v2\/users\/1"}],"replies":[{"embeddable":true,"href":"https:\/\/le-monde-manufaktur.de\/wordpress\/wp-json\/wp\/v2\/comments?post=363"}],"version-history":[{"count":3,"href":"https:\/\/le-monde-manufaktur.de\/wordpress\/wp-json\/wp\/v2\/pages\/363\/revisions"}],"predecessor-version":[{"id":544,"href":"https:\/\/le-monde-manufaktur.de\/wordpress\/wp-json\/wp\/v2\/pages\/363\/revisions\/544"}],"wp:attachment":[{"href":"https:\/\/le-monde-manufaktur.de\/wordpress\/wp-json\/wp\/v2\/media?parent=363"}],"curies":[{"name":"wp","href":"https:\/\/api.w.org\/{rel}","templated":true}]}}